{"id":14,"date":"2012-02-27T16:27:39","date_gmt":"2012-02-27T16:27:39","guid":{"rendered":"http:\/\/tischlerei-thomas-voss.de\/cms\/?page_id=14"},"modified":"2020-01-20T19:21:53","modified_gmt":"2020-01-20T19:21:53","slug":"uber-uns","status":"publish","type":"page","link":"http:\/\/tischlerei-thomas-voss.de\/cms\/uber-uns\/","title":{"rendered":"\u00dcber uns"},"content":{"rendered":"<p>Wir sind ein erfahrendes Unternehmen, das sich mit der Anfertigung von Kleinm\u00f6beln und Einbauschr\u00e4nken besch\u00e4ftigt.<\/p>\n<p>Wir \u00fcbernehmen aber auch gern andere Auftr\u00e4ge wie z. B.<\/p>\n<ul>\n<li>Einbau von Fenster und T\u00fcren<\/li>\n<li>Reparaturen von Fenster &#8211; und T\u00fcrbeschl\u00e4gen sowie von M\u00f6beln<\/li>\n<li>Innenausbau, Trockenbau<\/li>\n<li>Verlegen von Parkett-, Laminat-, Vinyl-, Korkfu\u00dfb\u00f6den<\/li>\n<\/ul>\n<p>Unsere Fenster und T\u00fcren, aus Holz oder Kunststoff, beziehen wir von folgenden Firmen:<\/p>\n<ul>\n<li>Rekord<\/li>\n<li>HBI<\/li>\n<li>Dietel<\/li>\n<li>Ge-ka<\/li>\n<li>Drinkuth<\/li>\n<li>aber auch Produkte anderer Firmen<\/li>\n<\/ul>\n<p>oder f\u00fcr den Innenbereich aus dem Fachhandel.<\/p>\n<p>Auf gute Beratung und Kundenbetreuung legen wir gro\u00dfen Wert.<\/p>\n<p>Bei unseren Arbeiten achten wir auf Qualit\u00e4t, Aussehen und Zweckm\u00e4\u00dfigkeit.<\/p>\n<p>Es handelt sich bei unseren Anfertigungen gr\u00f6\u00dftenteils um Einzelanfertigungen, die wir gemeinsam mit unserem Kunden entwickeln.<\/p>\n<p>Wir m\u00f6chten, da\u00df Sie mit uns zufrieden sind und sich bei uns in guten H\u00e4nden wissen.<\/p>\n<p>Haben Sie Fragen zu unseren Produkten oder Arbeiten, nehmen Sie einfach Kontakt auf, wir helfen Ihnen gern.<\/p>\n<p>Hier erhalten Sie noch eine kleine Auswahl an Presseberichten:<\/p><!-- default-view.php -->\n<div\n\tclass=\"ngg-galleryoverview default-view  ngg-ajax-pagination-none\"\n\tid=\"ngg-gallery-349a633ca305b9582f92160e648de63a-1\">\n\n\t\t<!-- Thumbnails -->\n\t\t\t\t<div id=\"ngg-image-0\" class=\"ngg-gallery-thumbnail-box \" >\n\t\t\t\t        <div class=\"ngg-gallery-thumbnail\">\n            <a href=\"http:\/\/tischlerei-thomas-voss.de\/cms\/wp-content\/gallery\/presseberichte\/pit20130330_s1.jpg\"\n               title=\"Quelle: Pinneberger Tageblatt 30.03.2013\"\n               data-src=\"http:\/\/tischlerei-thomas-voss.de\/cms\/wp-content\/gallery\/presseberichte\/pit20130330_s1.jpg\"\n               data-thumbnail=\"http:\/\/tischlerei-thomas-voss.de\/cms\/wp-content\/gallery\/presseberichte\/thumbs\/thumbs_pit20130330_s1.jpg\"\n               data-image-id=\"31\"\n               data-title=\"pit20130330_s1\"\n               data-description=\"Quelle: Pinneberger Tageblatt 30.03.2013\"\n               data-image-slug=\"pit20130330_s1\"\n               class='thickbox' rel='349a633ca305b9582f92160e648de63a'>\n                <img\n                    title=\"pit20130330_s1\"\n                    alt=\"pit20130330_s1\"\n                    src=\"http:\/\/tischlerei-thomas-voss.de\/cms\/wp-content\/gallery\/presseberichte\/thumbs\/thumbs_pit20130330_s1.jpg\"\n                    width=\"200\"\n                    height=\"133\"\n                    style=\"max-width:100%;\"\n                \/>\n            <\/a>\n        <\/div>\n\t\t\t\t\t\t\t<\/div> \n\t\t\t\n\t\t\t\t<div id=\"ngg-image-1\" class=\"ngg-gallery-thumbnail-box \" >\n\t\t\t\t        <div class=\"ngg-gallery-thumbnail\">\n            <a href=\"http:\/\/tischlerei-thomas-voss.de\/cms\/wp-content\/gallery\/presseberichte\/pit20130330_s5.jpg\"\n               title=\"Quelle: Pinneberger Tageblatt 30.03.2013\"\n               data-src=\"http:\/\/tischlerei-thomas-voss.de\/cms\/wp-content\/gallery\/presseberichte\/pit20130330_s5.jpg\"\n               data-thumbnail=\"http:\/\/tischlerei-thomas-voss.de\/cms\/wp-content\/gallery\/presseberichte\/thumbs\/thumbs_pit20130330_s5.jpg\"\n               data-image-id=\"32\"\n               data-title=\"pit20130330_s5\"\n               data-description=\"Quelle: Pinneberger Tageblatt 30.03.2013\"\n               data-image-slug=\"pit20130330_s5\"\n               class='thickbox' rel='349a633ca305b9582f92160e648de63a'>\n                <img\n                    title=\"pit20130330_s5\"\n                    alt=\"pit20130330_s5\"\n                    src=\"http:\/\/tischlerei-thomas-voss.de\/cms\/wp-content\/gallery\/presseberichte\/thumbs\/thumbs_pit20130330_s5.jpg\"\n                    width=\"200\"\n                    height=\"133\"\n                    style=\"max-width:100%;\"\n                \/>\n            <\/a>\n        <\/div>\n\t\t\t\t\t\t\t<\/div> \n\t\t\t\n\t\n\t<br style=\"clear: both\" \/>\n\n\t\n\t\t<div class=\"ngg-clear\"><\/div>\n\t<\/div>\n","protected":false},"excerpt":{"rendered":"<p>Wir sind ein erfahrendes Unternehmen, das sich mit der Anfertigung von Kleinm\u00f6beln und Einbauschr\u00e4nken besch\u00e4ftigt. Wir \u00fcbernehmen aber auch gern andere Auftr\u00e4ge wie z. B. Einbau von Fenster und T\u00fcren Reparaturen von Fenster &#8211; und T\u00fcrbeschl\u00e4gen sowie von M\u00f6beln Innenausbau, &hellip; <a href=\"http:\/\/tischlerei-thomas-voss.de\/cms\/uber-uns\/\">Weiterlesen <span class=\"meta-nav\">&rarr;<\/span><\/a><\/p>\n","protected":false},"author":1,"featured_media":0,"parent":0,"menu_order":0,"comment_status":"closed","ping_status":"closed","template":"","meta":{"ngg_post_thumbnail":0},"_links":{"self":[{"href":"http:\/\/tischlerei-thomas-voss.de\/cms\/wp-json\/wp\/v2\/pages\/14"}],"collection":[{"href":"http:\/\/tischlerei-thomas-voss.de\/cms\/wp-json\/wp\/v2\/pages"}],"about":[{"href":"http:\/\/tischlerei-thomas-voss.de\/cms\/wp-json\/wp\/v2\/types\/page"}],"author":[{"embeddable":true,"href":"http:\/\/tischlerei-thomas-voss.de\/cms\/wp-json\/wp\/v2\/users\/1"}],"replies":[{"embeddable":true,"href":"http:\/\/tischlerei-thomas-voss.de\/cms\/wp-json\/wp\/v2\/comments?post=14"}],"version-history":[{"count":11,"href":"http:\/\/tischlerei-thomas-voss.de\/cms\/wp-json\/wp\/v2\/pages\/14\/revisions"}],"predecessor-version":[{"id":276,"href":"http:\/\/tischlerei-thomas-voss.de\/cms\/wp-json\/wp\/v2\/pages\/14\/revisions\/276"}],"wp:attachment":[{"href":"http:\/\/tischlerei-thomas-voss.de\/cms\/wp-json\/wp\/v2\/media?parent=14"}],"curies":[{"name":"wp","href":"https:\/\/api.w.org\/{rel}","templated":true}]}}